{"id":2333,"date":"2025-06-12T16:55:50","date_gmt":"2025-06-12T16:55:50","guid":{"rendered":"https:\/\/www.tapastour.barcelona\/acerca-de\/"},"modified":"2025-07-30T11:19:47","modified_gmt":"2025-07-30T11:19:47","slug":"acerca-de","status":"publish","type":"page","link":"https:\/\/www.tapastour.barcelona\/es\/acerca-de\/","title":{"rendered":"Conocenos"},"content":{"rendered":"\t\t<div data-elementor-type=\"wp-post\" data-elementor-id=\"2333\" class=\"elementor elementor-2333 elementor-541\" data-elementor-post-type=\"page\">\n\t\t\t\t<div class=\"elementor-element elementor-element-5f02ddf e-flex e-con-boxed e-con e-parent\" data-id=\"5f02ddf\" data-element_type=\"container\" data-e-type=\"container\" data-settings=\"{&quot;background_background&quot;:&quot;classic&quot;}\">\n\t\t\t\t\t<div class=\"e-con-inner\">\n\t\t<div class=\"elementor-element elementor-element-0502d81 e-con-full e-flex e-con e-child\" data-id=\"0502d81\" data-element_type=\"container\" data-e-type=\"container\">\n\t\t\t\t<div class=\"elementor-element elementor-element-03d202b elementor-widget elementor-widget-heading\" data-id=\"03d202b\" data-element_type=\"widget\" data-e-type=\"widget\" data-widget_type=\"heading.default\">\n\t\t\t\t<div class=\"elementor-widget-container\">\n\t\t\t\t\t<h1 class=\"elementor-heading-title elementor-size-default\">\u00bfQui\u00e9nes somos?<\/h1>\t\t\t\t<\/div>\n\t\t\t\t<\/div>\n\t\t\t\t<\/div>\n\t\t\t\t\t<\/div>\n\t\t\t\t<\/div>\n\t\t<div class=\"elementor-element elementor-element-ce23579 e-flex e-con-boxed e-con e-parent\" data-id=\"ce23579\" data-element_type=\"container\" data-e-type=\"container\">\n\t\t\t\t\t<div class=\"e-con-inner\">\n\t\t<div class=\"elementor-element elementor-element-89a7aec e-con-full e-flex e-con e-child\" data-id=\"89a7aec\" data-element_type=\"container\" data-e-type=\"container\">\n\t\t\t\t<div class=\"elementor-element elementor-element-a01f0dc elementor-widget elementor-widget-heading\" data-id=\"a01f0dc\" data-element_type=\"widget\" data-e-type=\"widget\" data-widget_type=\"heading.default\">\n\t\t\t\t<div class=\"elementor-widget-container\">\n\t\t\t\t\t<h2 class=\"elementor-heading-title elementor-size-default\">Nuestra Mision<\/h2>\t\t\t\t<\/div>\n\t\t\t\t<\/div>\n\t\t\t\t<div class=\"elementor-element elementor-element-c43b3dd elementor-widget-divider--view-line elementor-widget elementor-widget-divider\" data-id=\"c43b3dd\" data-element_type=\"widget\" data-e-type=\"widget\" data-widget_type=\"divider.default\">\n\t\t\t\t<div class=\"elementor-widget-container\">\n\t\t\t\t\t\t\t<div class=\"elementor-divider\">\n\t\t\t<span class=\"elementor-divider-separator\">\n\t\t\t\t\t\t<\/span>\n\t\t<\/div>\n\t\t\t\t\t\t<\/div>\n\t\t\t\t<\/div>\n\t\t\t\t<div class=\"elementor-element elementor-element-e871351 elementor-widget elementor-widget-text-editor\" data-id=\"e871351\" data-element_type=\"widget\" data-e-type=\"widget\" data-widget_type=\"text-editor.default\">\n\t\t\t\t<div class=\"elementor-widget-container\">\n\t\t\t\t\t\t\t\t\t<p>Somos <strong>famosos por<\/strong> organizar <strong>las rutas de tapas<\/strong> <strong>m\u00e1s deliciosas y aut\u00e9nticas<\/strong> en el centro de Barcelona. <strong>Estamos especializados<\/strong> en ofrecerte <strong>experiencias gastron\u00f3micas<\/strong> \u00fanicas para que disfrutes con tu familia y amigos.<\/p>\t\t\t\t\t\t\t\t<\/div>\n\t\t\t\t<\/div>\n\t\t\t\t<\/div>\n\t\t<div class=\"elementor-element elementor-element-e8e4600 e-con-full e-flex e-con e-child\" data-id=\"e8e4600\" data-element_type=\"container\" data-e-type=\"container\">\n\t\t\t\t<div class=\"elementor-element elementor-element-6060d91 elementor-widget elementor-widget-image\" data-id=\"6060d91\" data-element_type=\"widget\" data-e-type=\"widget\" data-widget_type=\"image.default\">\n\t\t\t\t<div class=\"elementor-widget-container\">\n\t\t\t\t\t\t\t\t\t\t\t\t\t\t\t<img fetchpriority=\"high\" decoding=\"async\" width=\"438\" height=\"184\" src=\"https:\/\/www.tapastour.barcelona\/wp-content\/uploads\/2025\/06\/LOGO-TAPAS-TOUR-baRCELONA-by-e-volve.png\" class=\"attachment-full size-full wp-image-2154\" alt=\"tapas tour Barcelona by E-VOLVE\" srcset=\"https:\/\/www.tapastour.barcelona\/wp-content\/uploads\/2025\/06\/LOGO-TAPAS-TOUR-baRCELONA-by-e-volve.png 438w, https:\/\/www.tapastour.barcelona\/wp-content\/uploads\/2025\/06\/LOGO-TAPAS-TOUR-baRCELONA-by-e-volve-300x126.png 300w, https:\/\/www.tapastour.barcelona\/wp-content\/uploads\/2025\/06\/LOGO-TAPAS-TOUR-baRCELONA-by-e-volve-151x63.png 151w\" sizes=\"(max-width: 438px) 100vw, 438px\" \/>\t\t\t\t\t\t\t\t\t\t\t\t\t\t\t<\/div>\n\t\t\t\t<\/div>\n\t\t\t\t<\/div>\n\t\t\t\t\t<\/div>\n\t\t\t\t<\/div>\n\t\t<div class=\"elementor-element elementor-element-8195a0d e-flex e-con-boxed e-con e-parent\" data-id=\"8195a0d\" data-element_type=\"container\" data-e-type=\"container\">\n\t\t\t\t\t<div class=\"e-con-inner\">\n\t\t<div class=\"elementor-element elementor-element-c48d12f e-con-full e-flex e-con e-child\" data-id=\"c48d12f\" data-element_type=\"container\" data-e-type=\"container\">\n\t\t\t\t<div class=\"elementor-element elementor-element-491f841 elementor-widget elementor-widget-heading\" data-id=\"491f841\" data-element_type=\"widget\" data-e-type=\"widget\" data-widget_type=\"heading.default\">\n\t\t\t\t<div class=\"elementor-widget-container\">\n\t\t\t\t\t<h4 class=\"elementor-heading-title elementor-size-default\">Experiencias extraordinarias para ti<\/h4>\t\t\t\t<\/div>\n\t\t\t\t<\/div>\n\t\t\t\t<div class=\"elementor-element elementor-element-7beb61e elementor-widget-divider--view-line elementor-widget elementor-widget-divider\" data-id=\"7beb61e\" data-element_type=\"widget\" data-e-type=\"widget\" data-widget_type=\"divider.default\">\n\t\t\t\t<div class=\"elementor-widget-container\">\n\t\t\t\t\t\t\t<div class=\"elementor-divider\">\n\t\t\t<span class=\"elementor-divider-separator\">\n\t\t\t\t\t\t<\/span>\n\t\t<\/div>\n\t\t\t\t\t\t<\/div>\n\t\t\t\t<\/div>\n\t\t\t\t<div class=\"elementor-element elementor-element-7b1deb7 elementor-widget elementor-widget-text-editor\" data-id=\"7b1deb7\" data-element_type=\"widget\" data-e-type=\"widget\" data-widget_type=\"text-editor.default\">\n\t\t\t\t<div class=\"elementor-widget-container\">\n\t\t\t\t\t\t\t\t\t<p>Eres como parte de nuestra familia o un amigo muy cercano, y por eso <strong>te llevaremos a visitar los secretos mejor guardados de la ciudad y a degustar las tapas m\u00e1s deliciosas.<\/strong> <\/p><p>Te llevaremos a <strong>lugares muy tradicionales<\/strong> donde podr\u00e1s vivir la <strong>historia de Barcelona<\/strong> y de la regi\u00f3n de Catalu\u00f1a <strong>con el paladar<\/strong>. Acomp\u00e1\u00f1anos a explorar la ciudad, a conocer los rincones y las historias m\u00e1s sorprendentes que han sucedido, y a <strong>descubrir todo el sabor de Espa\u00f1a con nuestro tour de tapas en Barcelona.<\/strong> <\/p>\t\t\t\t\t\t\t\t<\/div>\n\t\t\t\t<\/div>\n\t\t\t\t<\/div>\n\t\t<div class=\"elementor-element elementor-element-d47d4cd e-con-full e-flex e-con e-child\" data-id=\"d47d4cd\" data-element_type=\"container\" data-e-type=\"container\">\n\t\t\t\t<div class=\"elementor-element elementor-element-bf795e2 elementor-widget elementor-widget-heading\" data-id=\"bf795e2\" data-element_type=\"widget\" data-e-type=\"widget\" data-widget_type=\"heading.default\">\n\t\t\t\t<div class=\"elementor-widget-container\">\n\t\t\t\t\t<h4 class=\"elementor-heading-title elementor-size-default\">Qui\u00e9nes somos<\/h4>\t\t\t\t<\/div>\n\t\t\t\t<\/div>\n\t\t\t\t<div class=\"elementor-element elementor-element-ae16dd8 elementor-widget-divider--view-line elementor-widget elementor-widget-divider\" data-id=\"ae16dd8\" data-element_type=\"widget\" data-e-type=\"widget\" data-widget_type=\"divider.default\">\n\t\t\t\t<div class=\"elementor-widget-container\">\n\t\t\t\t\t\t\t<div class=\"elementor-divider\">\n\t\t\t<span class=\"elementor-divider-separator\">\n\t\t\t\t\t\t<\/span>\n\t\t<\/div>\n\t\t\t\t\t\t<\/div>\n\t\t\t\t<\/div>\n\t\t\t\t<div class=\"elementor-element elementor-element-945e862 elementor-widget elementor-widget-text-editor\" data-id=\"945e862\" data-element_type=\"widget\" data-e-type=\"widget\" data-widget_type=\"text-editor.default\">\n\t\t\t\t<div class=\"elementor-widget-container\">\n\t\t\t\t\t\t\t\t\t<p>Somos un par de emprendedores que <strong>conocen la ciudad como la palma de su mano.<\/strong> Empezamos E-VOLVE en 2019, especializ\u00e1ndonos en el sector de la vida nocturna.<strong> Nuestra experiencia y el contacto constante con viajeros<\/strong> de todo el mundo nos han allanado el <strong>camino<\/strong> para ofrecerte esta <strong>experiencia gastron\u00f3mica sin igual.<\/strong> Puedes descubrir m\u00e1s sobre nuestro apasionante trabajo en nuestra p\u00e1gina web oficial E-VOLVE ENTERTAINMENT.<\/p>\t\t\t\t\t\t\t\t<\/div>\n\t\t\t\t<\/div>\n\t\t\t\t<\/div>\n\t\t\t\t\t<\/div>\n\t\t\t\t<\/div>\n\t\t\t\t<\/div>\n\t\t","protected":false},"excerpt":{"rendered":"<p>\u00bfQui\u00e9nes somos? Nuestra Mision Somos famosos por organizar las rutas de tapas m\u00e1s deliciosas y aut\u00e9nticas en el centro de Barcelona. Estamos especializados en ofrecerte experiencias gastron\u00f3micas \u00fanicas para que disfrutes con tu familia y amigos. Experiencias extraordinarias para ti Eres como parte de nuestra familia o un amigo muy cercano, y por eso te [&hellip;]<\/p>\n","protected":false},"author":1,"featured_media":0,"parent":0,"menu_order":0,"comment_status":"closed","ping_status":"closed","template":"","meta":{"site-sidebar-layout":"no-sidebar","site-content-layout":"page-builder","ast-site-content-layout":"full-width-container","site-content-style":"unboxed","site-sidebar-style":"unboxed","ast-global-header-display":"","ast-banner-title-visibility":"","ast-main-header-display":"","ast-hfb-above-header-display":"","ast-hfb-below-header-display":"","ast-hfb-mobile-header-display":"","site-post-title":"disabled","ast-breadcrumbs-content":"","ast-featured-img":"disabled","footer-sml-layout":"","ast-disable-related-posts":"","theme-transparent-header-meta":"enabled","adv-header-id-meta":"","stick-header-meta":"","header-above-stick-meta":"","header-main-stick-meta":"","header-below-stick-meta":"","astra-migrate-meta-layouts":"set","ast-page-background-enabled":"default","ast-page-background-meta":{"desktop":{"background-color":"","background-image":"","background-repeat":"repeat","background-position":"center center","background-size":"auto","background-attachment":"scroll","background-type":"","background-media":"","overlay-type":"","overlay-color":"","overlay-opacity":"","overlay-gradient":""},"tablet":{"background-color":"","background-image":"","background-repeat":"repeat","background-position":"center center","background-size":"auto","background-attachment":"scroll","background-type":"","background-media":"","overlay-type":"","overlay-color":"","overlay-opacity":"","overlay-gradient":""},"mobile":{"background-color":"","background-image":"","background-repeat":"repeat","background-position":"center center","background-size":"auto","background-attachment":"scroll","background-type":"","background-media":"","overlay-type":"","overlay-color":"","overlay-opacity":"","overlay-gradient":""}},"ast-content-background-meta":{"desktop":{"background-color":"var(--ast-global-color-5)","background-image":"","background-repeat":"repeat","background-position":"center center","background-size":"auto","background-attachment":"scroll","background-type":"","background-media":"","overlay-type":"","overlay-color":"","overlay-opacity":"","overlay-gradient":""},"tablet":{"background-color":"var(--ast-global-color-5)","background-image":"","background-repeat":"repeat","background-position":"center center","background-size":"auto","background-attachment":"scroll","background-type":"","background-media":"","overlay-type":"","overlay-color":"","overlay-opacity":"","overlay-gradient":""},"mobile":{"background-color":"var(--ast-global-color-5)","background-image":"","background-repeat":"repeat","background-position":"center center","background-size":"auto","background-attachment":"scroll","background-type":"","background-media":"","overlay-type":"","overlay-color":"","overlay-opacity":"","overlay-gradient":""}},"footnotes":""},"class_list":["post-2333","page","type-page","status-publish","hentry"],"yoast_head":"<!-- This site is optimized with the Yoast SEO Premium plugin v26.7 (Yoast SEO v27.5) - https:\/\/yoast.com\/product\/yoast-seo-premium-wordpress\/ -->\n<title>Conocenos - Tour de Tapas por Barcelona<\/title>\n<meta name=\"robots\" content=\"noindex, nofollow\" \/>\n<meta property=\"og:locale\" content=\"es_ES\" \/>\n<meta property=\"og:type\" content=\"article\" \/>\n<meta property=\"og:title\" content=\"Conocenos\" \/>\n<meta property=\"og:description\" content=\"\u00bfQui\u00e9nes somos? Nuestra Mision Somos famosos por organizar las rutas de tapas m\u00e1s deliciosas y aut\u00e9nticas en el centro de Barcelona. Estamos especializados en ofrecerte experiencias gastron\u00f3micas \u00fanicas para que disfrutes con tu familia y amigos. Experiencias extraordinarias para ti Eres como parte de nuestra familia o un amigo muy cercano, y por eso te [&hellip;]\" \/>\n<meta property=\"og:url\" content=\"https:\/\/www.tapastour.barcelona\/es\/acerca-de\/\" \/>\n<meta property=\"og:site_name\" content=\"Tour de Tapas por Barcelona\" \/>\n<meta property=\"article:modified_time\" content=\"2025-07-30T11:19:47+00:00\" \/>\n<meta property=\"og:image\" content=\"https:\/\/www.tapastour.barcelona\/wp-content\/uploads\/2025\/06\/LOGO-TAPAS-TOUR-baRCELONA-by-e-volve.png\" \/>\n<meta name=\"twitter:card\" content=\"summary_large_image\" \/>\n<meta name=\"twitter:label1\" content=\"Tiempo de lectura\" \/>\n\t<meta name=\"twitter:data1\" content=\"2 minutos\" \/>\n<script type=\"application\/ld+json\" class=\"yoast-schema-graph\">{\"@context\":\"https:\\\/\\\/schema.org\",\"@graph\":[{\"@type\":\"WebPage\",\"@id\":\"https:\\\/\\\/www.tapastour.barcelona\\\/es\\\/acerca-de\\\/\",\"url\":\"https:\\\/\\\/www.tapastour.barcelona\\\/es\\\/acerca-de\\\/\",\"name\":\"Conocenos - Tour de Tapas por Barcelona\",\"isPartOf\":{\"@id\":\"https:\\\/\\\/www.tapastour.barcelona\\\/es\\\/#website\"},\"primaryImageOfPage\":{\"@id\":\"https:\\\/\\\/www.tapastour.barcelona\\\/es\\\/acerca-de\\\/#primaryimage\"},\"image\":{\"@id\":\"https:\\\/\\\/www.tapastour.barcelona\\\/es\\\/acerca-de\\\/#primaryimage\"},\"thumbnailUrl\":\"https:\\\/\\\/www.tapastour.barcelona\\\/wp-content\\\/uploads\\\/2025\\\/06\\\/LOGO-TAPAS-TOUR-baRCELONA-by-e-volve.png\",\"datePublished\":\"2025-06-12T16:55:50+00:00\",\"dateModified\":\"2025-07-30T11:19:47+00:00\",\"breadcrumb\":{\"@id\":\"https:\\\/\\\/www.tapastour.barcelona\\\/es\\\/acerca-de\\\/#breadcrumb\"},\"inLanguage\":\"es\",\"potentialAction\":[{\"@type\":\"ReadAction\",\"target\":[\"https:\\\/\\\/www.tapastour.barcelona\\\/es\\\/acerca-de\\\/\"]}]},{\"@type\":\"ImageObject\",\"inLanguage\":\"es\",\"@id\":\"https:\\\/\\\/www.tapastour.barcelona\\\/es\\\/acerca-de\\\/#primaryimage\",\"url\":\"https:\\\/\\\/www.tapastour.barcelona\\\/wp-content\\\/uploads\\\/2025\\\/06\\\/LOGO-TAPAS-TOUR-baRCELONA-by-e-volve.png\",\"contentUrl\":\"https:\\\/\\\/www.tapastour.barcelona\\\/wp-content\\\/uploads\\\/2025\\\/06\\\/LOGO-TAPAS-TOUR-baRCELONA-by-e-volve.png\"},{\"@type\":\"BreadcrumbList\",\"@id\":\"https:\\\/\\\/www.tapastour.barcelona\\\/es\\\/acerca-de\\\/#breadcrumb\",\"itemListElement\":[{\"@type\":\"ListItem\",\"position\":1,\"name\":\"Home\",\"item\":\"https:\\\/\\\/www.tapastour.barcelona\\\/es\\\/\"},{\"@type\":\"ListItem\",\"position\":2,\"name\":\"Conocenos\"}]},{\"@type\":\"WebSite\",\"@id\":\"https:\\\/\\\/www.tapastour.barcelona\\\/es\\\/#website\",\"url\":\"https:\\\/\\\/www.tapastour.barcelona\\\/es\\\/\",\"name\":\"Tapas Tour Barcelona\",\"description\":\"La Mejor Ruta de Tapas de toda Barcelona\",\"publisher\":{\"@id\":\"https:\\\/\\\/www.tapastour.barcelona\\\/es\\\/#organization\"},\"potentialAction\":[{\"@type\":\"SearchAction\",\"target\":{\"@type\":\"EntryPoint\",\"urlTemplate\":\"https:\\\/\\\/www.tapastour.barcelona\\\/es\\\/?s={search_term_string}\"},\"query-input\":{\"@type\":\"PropertyValueSpecification\",\"valueRequired\":true,\"valueName\":\"search_term_string\"}}],\"inLanguage\":\"es\"},{\"@type\":\"Organization\",\"@id\":\"https:\\\/\\\/www.tapastour.barcelona\\\/es\\\/#organization\",\"name\":\"E-VOLVE\",\"url\":\"https:\\\/\\\/www.tapastour.barcelona\\\/es\\\/\",\"logo\":{\"@type\":\"ImageObject\",\"inLanguage\":\"es\",\"@id\":\"https:\\\/\\\/www.tapastour.barcelona\\\/es\\\/#\\\/schema\\\/logo\\\/image\\\/\",\"url\":\"https:\\\/\\\/www.tapastour.barcelona\\\/wp-content\\\/uploads\\\/2025\\\/06\\\/LOGO-TAPAS-TOUR-baRCELONA-by-e-volve.png\",\"contentUrl\":\"https:\\\/\\\/www.tapastour.barcelona\\\/wp-content\\\/uploads\\\/2025\\\/06\\\/LOGO-TAPAS-TOUR-baRCELONA-by-e-volve.png\",\"width\":438,\"height\":184,\"caption\":\"E-VOLVE\"},\"image\":{\"@id\":\"https:\\\/\\\/www.tapastour.barcelona\\\/es\\\/#\\\/schema\\\/logo\\\/image\\\/\"},\"sameAs\":[\"https:\\\/\\\/g.co\\\/kgs\\\/5HVfcA6\",\"https:\\\/\\\/www.instagram.com\\\/tapastour.barcelona\"]}]}<\/script>\n<!-- \/ Yoast SEO Premium plugin. -->","yoast_head_json":{"title":"Conocenos - Tour de Tapas por Barcelona","robots":{"index":"noindex","follow":"nofollow"},"og_locale":"es_ES","og_type":"article","og_title":"Conocenos","og_description":"\u00bfQui\u00e9nes somos? Nuestra Mision Somos famosos por organizar las rutas de tapas m\u00e1s deliciosas y aut\u00e9nticas en el centro de Barcelona. Estamos especializados en ofrecerte experiencias gastron\u00f3micas \u00fanicas para que disfrutes con tu familia y amigos. Experiencias extraordinarias para ti Eres como parte de nuestra familia o un amigo muy cercano, y por eso te [&hellip;]","og_url":"https:\/\/www.tapastour.barcelona\/es\/acerca-de\/","og_site_name":"Tour de Tapas por Barcelona","article_modified_time":"2025-07-30T11:19:47+00:00","og_image":[{"url":"https:\/\/www.tapastour.barcelona\/wp-content\/uploads\/2025\/06\/LOGO-TAPAS-TOUR-baRCELONA-by-e-volve.png","type":"","width":"","height":""}],"twitter_card":"summary_large_image","twitter_misc":{"Tiempo de lectura":"2 minutos"},"schema":{"@context":"https:\/\/schema.org","@graph":[{"@type":"WebPage","@id":"https:\/\/www.tapastour.barcelona\/es\/acerca-de\/","url":"https:\/\/www.tapastour.barcelona\/es\/acerca-de\/","name":"Conocenos - Tour de Tapas por Barcelona","isPartOf":{"@id":"https:\/\/www.tapastour.barcelona\/es\/#website"},"primaryImageOfPage":{"@id":"https:\/\/www.tapastour.barcelona\/es\/acerca-de\/#primaryimage"},"image":{"@id":"https:\/\/www.tapastour.barcelona\/es\/acerca-de\/#primaryimage"},"thumbnailUrl":"https:\/\/www.tapastour.barcelona\/wp-content\/uploads\/2025\/06\/LOGO-TAPAS-TOUR-baRCELONA-by-e-volve.png","datePublished":"2025-06-12T16:55:50+00:00","dateModified":"2025-07-30T11:19:47+00:00","breadcrumb":{"@id":"https:\/\/www.tapastour.barcelona\/es\/acerca-de\/#breadcrumb"},"inLanguage":"es","potentialAction":[{"@type":"ReadAction","target":["https:\/\/www.tapastour.barcelona\/es\/acerca-de\/"]}]},{"@type":"ImageObject","inLanguage":"es","@id":"https:\/\/www.tapastour.barcelona\/es\/acerca-de\/#primaryimage","url":"https:\/\/www.tapastour.barcelona\/wp-content\/uploads\/2025\/06\/LOGO-TAPAS-TOUR-baRCELONA-by-e-volve.png","contentUrl":"https:\/\/www.tapastour.barcelona\/wp-content\/uploads\/2025\/06\/LOGO-TAPAS-TOUR-baRCELONA-by-e-volve.png"},{"@type":"BreadcrumbList","@id":"https:\/\/www.tapastour.barcelona\/es\/acerca-de\/#breadcrumb","itemListElement":[{"@type":"ListItem","position":1,"name":"Home","item":"https:\/\/www.tapastour.barcelona\/es\/"},{"@type":"ListItem","position":2,"name":"Conocenos"}]},{"@type":"WebSite","@id":"https:\/\/www.tapastour.barcelona\/es\/#website","url":"https:\/\/www.tapastour.barcelona\/es\/","name":"Tapas Tour Barcelona","description":"La Mejor Ruta de Tapas de toda Barcelona","publisher":{"@id":"https:\/\/www.tapastour.barcelona\/es\/#organization"},"potentialAction":[{"@type":"SearchAction","target":{"@type":"EntryPoint","urlTemplate":"https:\/\/www.tapastour.barcelona\/es\/?s={search_term_string}"},"query-input":{"@type":"PropertyValueSpecification","valueRequired":true,"valueName":"search_term_string"}}],"inLanguage":"es"},{"@type":"Organization","@id":"https:\/\/www.tapastour.barcelona\/es\/#organization","name":"E-VOLVE","url":"https:\/\/www.tapastour.barcelona\/es\/","logo":{"@type":"ImageObject","inLanguage":"es","@id":"https:\/\/www.tapastour.barcelona\/es\/#\/schema\/logo\/image\/","url":"https:\/\/www.tapastour.barcelona\/wp-content\/uploads\/2025\/06\/LOGO-TAPAS-TOUR-baRCELONA-by-e-volve.png","contentUrl":"https:\/\/www.tapastour.barcelona\/wp-content\/uploads\/2025\/06\/LOGO-TAPAS-TOUR-baRCELONA-by-e-volve.png","width":438,"height":184,"caption":"E-VOLVE"},"image":{"@id":"https:\/\/www.tapastour.barcelona\/es\/#\/schema\/logo\/image\/"},"sameAs":["https:\/\/g.co\/kgs\/5HVfcA6","https:\/\/www.instagram.com\/tapastour.barcelona"]}]}},"_links":{"self":[{"href":"https:\/\/www.tapastour.barcelona\/es\/wp-json\/wp\/v2\/pages\/2333","targetHints":{"allow":["GET"]}}],"collection":[{"href":"https:\/\/www.tapastour.barcelona\/es\/wp-json\/wp\/v2\/pages"}],"about":[{"href":"https:\/\/www.tapastour.barcelona\/es\/wp-json\/wp\/v2\/types\/page"}],"author":[{"embeddable":true,"href":"https:\/\/www.tapastour.barcelona\/es\/wp-json\/wp\/v2\/users\/1"}],"replies":[{"embeddable":true,"href":"https:\/\/www.tapastour.barcelona\/es\/wp-json\/wp\/v2\/comments?post=2333"}],"version-history":[{"count":3,"href":"https:\/\/www.tapastour.barcelona\/es\/wp-json\/wp\/v2\/pages\/2333\/revisions"}],"predecessor-version":[{"id":2481,"href":"https:\/\/www.tapastour.barcelona\/es\/wp-json\/wp\/v2\/pages\/2333\/revisions\/2481"}],"wp:attachment":[{"href":"https:\/\/www.tapastour.barcelona\/es\/wp-json\/wp\/v2\/media?parent=2333"}],"curies":[{"name":"wp","href":"https:\/\/api.w.org\/{rel}","templated":true}]}}