{"id":2334,"date":"2025-06-12T16:55:50","date_gmt":"2025-06-12T16:55:50","guid":{"rendered":"https:\/\/www.tapastour.barcelona\/a-propos-de\/"},"modified":"2025-07-29T14:41:56","modified_gmt":"2025-07-29T14:41:56","slug":"a-propos-de","status":"publish","type":"page","link":"https:\/\/www.tapastour.barcelona\/fr\/a-propos-de\/","title":{"rendered":"A propos de"},"content":{"rendered":"\t\t<div data-elementor-type=\"wp-post\" data-elementor-id=\"2334\" class=\"elementor elementor-2334 elementor-541\" data-elementor-post-type=\"page\">\n\t\t\t\t<div class=\"elementor-element elementor-element-5f02ddf e-flex e-con-boxed e-con e-parent\" data-id=\"5f02ddf\" data-element_type=\"container\" data-e-type=\"container\" data-settings=\"{&quot;background_background&quot;:&quot;classic&quot;}\">\n\t\t\t\t\t<div class=\"e-con-inner\">\n\t\t<div class=\"elementor-element elementor-element-0502d81 e-con-full e-flex e-con e-child\" data-id=\"0502d81\" data-element_type=\"container\" data-e-type=\"container\">\n\t\t\t\t<div class=\"elementor-element elementor-element-03d202b elementor-widget elementor-widget-heading\" data-id=\"03d202b\" data-element_type=\"widget\" data-e-type=\"widget\" data-widget_type=\"heading.default\">\n\t\t\t\t<div class=\"elementor-widget-container\">\n\t\t\t\t\t<h1 class=\"elementor-heading-title elementor-size-default\">Qui sommes-nous ?<\/h1>\t\t\t\t<\/div>\n\t\t\t\t<\/div>\n\t\t\t\t<\/div>\n\t\t\t\t\t<\/div>\n\t\t\t\t<\/div>\n\t\t<div class=\"elementor-element elementor-element-ce23579 e-flex e-con-boxed e-con e-parent\" data-id=\"ce23579\" data-element_type=\"container\" data-e-type=\"container\">\n\t\t\t\t\t<div class=\"e-con-inner\">\n\t\t<div class=\"elementor-element elementor-element-89a7aec e-con-full e-flex e-con e-child\" data-id=\"89a7aec\" data-element_type=\"container\" data-e-type=\"container\">\n\t\t\t\t<div class=\"elementor-element elementor-element-a01f0dc elementor-widget elementor-widget-heading\" data-id=\"a01f0dc\" data-element_type=\"widget\" data-e-type=\"widget\" data-widget_type=\"heading.default\">\n\t\t\t\t<div class=\"elementor-widget-container\">\n\t\t\t\t\t<h2 class=\"elementor-heading-title elementor-size-default\">Notre mission<\/h2>\t\t\t\t<\/div>\n\t\t\t\t<\/div>\n\t\t\t\t<div class=\"elementor-element elementor-element-c43b3dd elementor-widget-divider--view-line elementor-widget elementor-widget-divider\" data-id=\"c43b3dd\" data-element_type=\"widget\" data-e-type=\"widget\" data-widget_type=\"divider.default\">\n\t\t\t\t<div class=\"elementor-widget-container\">\n\t\t\t\t\t\t\t<div class=\"elementor-divider\">\n\t\t\t<span class=\"elementor-divider-separator\">\n\t\t\t\t\t\t<\/span>\n\t\t<\/div>\n\t\t\t\t\t\t<\/div>\n\t\t\t\t<\/div>\n\t\t\t\t<div class=\"elementor-element elementor-element-e871351 elementor-widget elementor-widget-text-editor\" data-id=\"e871351\" data-element_type=\"widget\" data-e-type=\"widget\" data-widget_type=\"text-editor.default\">\n\t\t\t\t<div class=\"elementor-widget-container\">\n\t\t\t\t\t\t\t\t\t<p>Nous sommes <strong>r\u00e9put\u00e9s pour<\/strong> organiser les <strong>visites de tapas les<\/strong> <strong>plus d\u00e9licieuses et les plus authentiques<\/strong> dans le centre de Barcelone. <strong>Nous sommes sp\u00e9cialis\u00e9s<\/strong> dans l&rsquo;organisation d&rsquo;<strong>exp\u00e9riences gastronomiques uniques<\/strong> que vous pourrez savourer avec votre famille et vos amis.<\/p>\t\t\t\t\t\t\t\t<\/div>\n\t\t\t\t<\/div>\n\t\t\t\t<\/div>\n\t\t<div class=\"elementor-element elementor-element-e8e4600 e-con-full e-flex e-con e-child\" data-id=\"e8e4600\" data-element_type=\"container\" data-e-type=\"container\">\n\t\t\t\t<div class=\"elementor-element elementor-element-6060d91 elementor-widget elementor-widget-image\" data-id=\"6060d91\" data-element_type=\"widget\" data-e-type=\"widget\" data-widget_type=\"image.default\">\n\t\t\t\t<div class=\"elementor-widget-container\">\n\t\t\t\t\t\t\t\t\t\t\t\t\t\t\t<img fetchpriority=\"high\" decoding=\"async\" width=\"438\" height=\"184\" src=\"https:\/\/www.tapastour.barcelona\/wp-content\/uploads\/2025\/06\/LOGO-TAPAS-TOUR-baRCELONA-by-e-volve.png\" class=\"attachment-full size-full wp-image-2153\" alt=\"tapas tour Barcelona by E-VOLVE\" srcset=\"https:\/\/www.tapastour.barcelona\/wp-content\/uploads\/2025\/06\/LOGO-TAPAS-TOUR-baRCELONA-by-e-volve.png 438w, https:\/\/www.tapastour.barcelona\/wp-content\/uploads\/2025\/06\/LOGO-TAPAS-TOUR-baRCELONA-by-e-volve-300x126.png 300w, https:\/\/www.tapastour.barcelona\/wp-content\/uploads\/2025\/06\/LOGO-TAPAS-TOUR-baRCELONA-by-e-volve-151x63.png 151w\" sizes=\"(max-width: 438px) 100vw, 438px\" \/>\t\t\t\t\t\t\t\t\t\t\t\t\t\t\t<\/div>\n\t\t\t\t<\/div>\n\t\t\t\t<\/div>\n\t\t\t\t\t<\/div>\n\t\t\t\t<\/div>\n\t\t<div class=\"elementor-element elementor-element-8195a0d e-flex e-con-boxed e-con e-parent\" data-id=\"8195a0d\" data-element_type=\"container\" data-e-type=\"container\">\n\t\t\t\t\t<div class=\"e-con-inner\">\n\t\t<div class=\"elementor-element elementor-element-c48d12f e-con-full e-flex e-con e-child\" data-id=\"c48d12f\" data-element_type=\"container\" data-e-type=\"container\">\n\t\t\t\t<div class=\"elementor-element elementor-element-491f841 elementor-widget elementor-widget-heading\" data-id=\"491f841\" data-element_type=\"widget\" data-e-type=\"widget\" data-widget_type=\"heading.default\">\n\t\t\t\t<div class=\"elementor-widget-container\">\n\t\t\t\t\t<h4 class=\"elementor-heading-title elementor-size-default\">Des exp\u00e9riences extraordinaires pour vous<\/h4>\t\t\t\t<\/div>\n\t\t\t\t<\/div>\n\t\t\t\t<div class=\"elementor-element elementor-element-7beb61e elementor-widget-divider--view-line elementor-widget elementor-widget-divider\" data-id=\"7beb61e\" data-element_type=\"widget\" data-e-type=\"widget\" data-widget_type=\"divider.default\">\n\t\t\t\t<div class=\"elementor-widget-container\">\n\t\t\t\t\t\t\t<div class=\"elementor-divider\">\n\t\t\t<span class=\"elementor-divider-separator\">\n\t\t\t\t\t\t<\/span>\n\t\t<\/div>\n\t\t\t\t\t\t<\/div>\n\t\t\t\t<\/div>\n\t\t\t\t<div class=\"elementor-element elementor-element-7b1deb7 elementor-widget elementor-widget-text-editor\" data-id=\"7b1deb7\" data-element_type=\"widget\" data-e-type=\"widget\" data-widget_type=\"text-editor.default\">\n\t\t\t\t<div class=\"elementor-widget-container\">\n\t\t\t\t\t\t\t\t\t<p>Vous \u00eates comme un membre de notre famille ou un ami tr\u00e8s proche, et c&rsquo;est pourquoi <strong>nous vous emm\u00e8nerons visiter les secrets les mieux gard\u00e9s de la ville et d\u00e9guster les tapas les plus d\u00e9licieux.<\/strong> <\/p><p>Nous vous emm\u00e8nerons dans des <strong>endroits tr\u00e8s traditionnels<\/strong> o\u00f9 vous pourrez d\u00e9couvrir l&rsquo;<strong>histoire de Barcelone<\/strong> et de la r\u00e9gion de Catalogne <strong>avec votre palais<\/strong>. Rejoignez-nous pour explorer la ville, d\u00e9couvrir les coins les plus surprenants et les histoires qui s&rsquo;y sont d\u00e9roul\u00e9es, et <strong>d\u00e9couvrir toute la saveur de l&rsquo;Espagne avec notre visite des tapas \u00e0 Barcelone.<\/strong> <\/p>\t\t\t\t\t\t\t\t<\/div>\n\t\t\t\t<\/div>\n\t\t\t\t<\/div>\n\t\t<div class=\"elementor-element elementor-element-d47d4cd e-con-full e-flex e-con e-child\" data-id=\"d47d4cd\" data-element_type=\"container\" data-e-type=\"container\">\n\t\t\t\t<div class=\"elementor-element elementor-element-bf795e2 elementor-widget elementor-widget-heading\" data-id=\"bf795e2\" data-element_type=\"widget\" data-e-type=\"widget\" data-widget_type=\"heading.default\">\n\t\t\t\t<div class=\"elementor-widget-container\">\n\t\t\t\t\t<h4 class=\"elementor-heading-title elementor-size-default\">Qui sommes-nous ?<\/h4>\t\t\t\t<\/div>\n\t\t\t\t<\/div>\n\t\t\t\t<div class=\"elementor-element elementor-element-ae16dd8 elementor-widget-divider--view-line elementor-widget elementor-widget-divider\" data-id=\"ae16dd8\" data-element_type=\"widget\" data-e-type=\"widget\" data-widget_type=\"divider.default\">\n\t\t\t\t<div class=\"elementor-widget-container\">\n\t\t\t\t\t\t\t<div class=\"elementor-divider\">\n\t\t\t<span class=\"elementor-divider-separator\">\n\t\t\t\t\t\t<\/span>\n\t\t<\/div>\n\t\t\t\t\t\t<\/div>\n\t\t\t\t<\/div>\n\t\t\t\t<div class=\"elementor-element elementor-element-945e862 elementor-widget elementor-widget-text-editor\" data-id=\"945e862\" data-element_type=\"widget\" data-e-type=\"widget\" data-widget_type=\"text-editor.default\">\n\t\t\t\t<div class=\"elementor-widget-container\">\n\t\t\t\t\t\t\t\t\t<p>Nous sommes une paire d&rsquo;entrepreneurs qui <strong>connaissent la ville comme leur poche.<\/strong> Nous avons cr\u00e9\u00e9 E-VOLVE en 2019, en nous sp\u00e9cialisant dans le secteur de la vie nocturne.<strong> Notre exp\u00e9rience et notre contact constant avec des voyageurs<\/strong> du monde entier nous ont <strong>ouvert la voie<\/strong> pour vous offrir cette <strong>exp\u00e9rience gastronomique in\u00e9gal\u00e9e<\/strong>. Vous pouvez en d\u00e9couvrir davantage sur notre travail passionnant sur notre site officiel E-VOLVE ENTERTAINMENT.<\/p>\t\t\t\t\t\t\t\t<\/div>\n\t\t\t\t<\/div>\n\t\t\t\t<\/div>\n\t\t\t\t\t<\/div>\n\t\t\t\t<\/div>\n\t\t\t\t<\/div>\n\t\t","protected":false},"excerpt":{"rendered":"<p>Qui sommes-nous ? Notre mission Nous sommes r\u00e9put\u00e9s pour organiser les visites de tapas les plus d\u00e9licieuses et les plus authentiques dans le centre de Barcelone. Nous sommes sp\u00e9cialis\u00e9s dans l&rsquo;organisation d&rsquo;exp\u00e9riences gastronomiques uniques que vous pourrez savourer avec votre famille et vos amis. Des exp\u00e9riences extraordinaires pour vous Vous \u00eates comme un membre de [&hellip;]<\/p>\n","protected":false},"author":1,"featured_media":0,"parent":0,"menu_order":0,"comment_status":"closed","ping_status":"closed","template":"","meta":{"site-sidebar-layout":"no-sidebar","site-content-layout":"page-builder","ast-site-content-layout":"full-width-container","site-content-style":"unboxed","site-sidebar-style":"unboxed","ast-global-header-display":"","ast-banner-title-visibility":"","ast-main-header-display":"","ast-hfb-above-header-display":"","ast-hfb-below-header-display":"","ast-hfb-mobile-header-display":"","site-post-title":"disabled","ast-breadcrumbs-content":"","ast-featured-img":"disabled","footer-sml-layout":"","ast-disable-related-posts":"","theme-transparent-header-meta":"enabled","adv-header-id-meta":"","stick-header-meta":"","header-above-stick-meta":"","header-main-stick-meta":"","header-below-stick-meta":"","astra-migrate-meta-layouts":"default","ast-page-background-enabled":"default","ast-page-background-meta":{"desktop":{"background-color":"","background-image":"","background-repeat":"repeat","background-position":"center center","background-size":"auto","background-attachment":"scroll","background-type":"","background-media":"","overlay-type":"","overlay-color":"","overlay-opacity":"","overlay-gradient":""},"tablet":{"background-color":"","background-image":"","background-repeat":"repeat","background-position":"center center","background-size":"auto","background-attachment":"scroll","background-type":"","background-media":"","overlay-type":"","overlay-color":"","overlay-opacity":"","overlay-gradient":""},"mobile":{"background-color":"","background-image":"","background-repeat":"repeat","background-position":"center center","background-size":"auto","background-attachment":"scroll","background-type":"","background-media":"","overlay-type":"","overlay-color":"","overlay-opacity":"","overlay-gradient":""}},"ast-content-background-meta":{"desktop":{"background-color":"var(--ast-global-color-5)","background-image":"","background-repeat":"repeat","background-position":"center center","background-size":"auto","background-attachment":"scroll","background-type":"","background-media":"","overlay-type":"","overlay-color":"","overlay-opacity":"","overlay-gradient":""},"tablet":{"background-color":"var(--ast-global-color-5)","background-image":"","background-repeat":"repeat","background-position":"center center","background-size":"auto","background-attachment":"scroll","background-type":"","background-media":"","overlay-type":"","overlay-color":"","overlay-opacity":"","overlay-gradient":""},"mobile":{"background-color":"var(--ast-global-color-5)","background-image":"","background-repeat":"repeat","background-position":"center center","background-size":"auto","background-attachment":"scroll","background-type":"","background-media":"","overlay-type":"","overlay-color":"","overlay-opacity":"","overlay-gradient":""}},"footnotes":""},"class_list":["post-2334","page","type-page","status-publish","hentry"],"yoast_head":"<!-- This site is optimized with the Yoast SEO Premium plugin v26.7 (Yoast SEO v27.5) - https:\/\/yoast.com\/product\/yoast-seo-premium-wordpress\/ -->\n<title>A propos de - Tourn\u00e9e de Tapas \u00e0 Barcelone<\/title>\n<meta name=\"robots\" content=\"noindex, nofollow\" \/>\n<meta property=\"og:locale\" content=\"fr_FR\" \/>\n<meta property=\"og:type\" content=\"article\" \/>\n<meta property=\"og:title\" content=\"A propos de\" \/>\n<meta property=\"og:description\" content=\"Qui sommes-nous ? Notre mission Nous sommes r\u00e9put\u00e9s pour organiser les visites de tapas les plus d\u00e9licieuses et les plus authentiques dans le centre de Barcelone. Nous sommes sp\u00e9cialis\u00e9s dans l&rsquo;organisation d&rsquo;exp\u00e9riences gastronomiques uniques que vous pourrez savourer avec votre famille et vos amis. Des exp\u00e9riences extraordinaires pour vous Vous \u00eates comme un membre de [&hellip;]\" \/>\n<meta property=\"og:url\" content=\"https:\/\/www.tapastour.barcelona\/fr\/a-propos-de\/\" \/>\n<meta property=\"og:site_name\" content=\"Tourn\u00e9e de Tapas \u00e0 Barcelone\" \/>\n<meta property=\"article:modified_time\" content=\"2025-07-29T14:41:56+00:00\" \/>\n<meta property=\"og:image\" content=\"https:\/\/www.tapastour.barcelona\/wp-content\/uploads\/2025\/06\/LOGO-TAPAS-TOUR-baRCELONA-by-e-volve.png\" \/>\n\t<meta property=\"og:image:width\" content=\"438\" \/>\n\t<meta property=\"og:image:height\" content=\"184\" \/>\n\t<meta property=\"og:image:type\" content=\"image\/png\" \/>\n<meta name=\"twitter:card\" content=\"summary_large_image\" \/>\n<meta name=\"twitter:label1\" content=\"Dur\u00e9e de lecture estim\u00e9e\" \/>\n\t<meta name=\"twitter:data1\" content=\"1 minute\" \/>\n<script type=\"application\/ld+json\" class=\"yoast-schema-graph\">{\"@context\":\"https:\\\/\\\/schema.org\",\"@graph\":[{\"@type\":\"WebPage\",\"@id\":\"https:\\\/\\\/www.tapastour.barcelona\\\/fr\\\/a-propos-de\\\/\",\"url\":\"https:\\\/\\\/www.tapastour.barcelona\\\/fr\\\/a-propos-de\\\/\",\"name\":\"A propos de - Tourn\u00e9e de Tapas \u00e0 Barcelone\",\"isPartOf\":{\"@id\":\"https:\\\/\\\/www.tapastour.barcelona\\\/fr\\\/#website\"},\"primaryImageOfPage\":{\"@id\":\"https:\\\/\\\/www.tapastour.barcelona\\\/fr\\\/a-propos-de\\\/#primaryimage\"},\"image\":{\"@id\":\"https:\\\/\\\/www.tapastour.barcelona\\\/fr\\\/a-propos-de\\\/#primaryimage\"},\"thumbnailUrl\":\"https:\\\/\\\/www.tapastour.barcelona\\\/wp-content\\\/uploads\\\/2025\\\/06\\\/LOGO-TAPAS-TOUR-baRCELONA-by-e-volve.png\",\"datePublished\":\"2025-06-12T16:55:50+00:00\",\"dateModified\":\"2025-07-29T14:41:56+00:00\",\"breadcrumb\":{\"@id\":\"https:\\\/\\\/www.tapastour.barcelona\\\/fr\\\/a-propos-de\\\/#breadcrumb\"},\"inLanguage\":\"fr-FR\",\"potentialAction\":[{\"@type\":\"ReadAction\",\"target\":[\"https:\\\/\\\/www.tapastour.barcelona\\\/fr\\\/a-propos-de\\\/\"]}]},{\"@type\":\"ImageObject\",\"inLanguage\":\"fr-FR\",\"@id\":\"https:\\\/\\\/www.tapastour.barcelona\\\/fr\\\/a-propos-de\\\/#primaryimage\",\"url\":\"https:\\\/\\\/www.tapastour.barcelona\\\/wp-content\\\/uploads\\\/2025\\\/06\\\/LOGO-TAPAS-TOUR-baRCELONA-by-e-volve.png\",\"contentUrl\":\"https:\\\/\\\/www.tapastour.barcelona\\\/wp-content\\\/uploads\\\/2025\\\/06\\\/LOGO-TAPAS-TOUR-baRCELONA-by-e-volve.png\"},{\"@type\":\"BreadcrumbList\",\"@id\":\"https:\\\/\\\/www.tapastour.barcelona\\\/fr\\\/a-propos-de\\\/#breadcrumb\",\"itemListElement\":[{\"@type\":\"ListItem\",\"position\":1,\"name\":\"Home\",\"item\":\"https:\\\/\\\/www.tapastour.barcelona\\\/fr\\\/tournee-de-tapas-a-barcelone\\\/\"},{\"@type\":\"ListItem\",\"position\":2,\"name\":\"A propos de\"}]},{\"@type\":\"WebSite\",\"@id\":\"https:\\\/\\\/www.tapastour.barcelona\\\/fr\\\/#website\",\"url\":\"https:\\\/\\\/www.tapastour.barcelona\\\/fr\\\/\",\"name\":\"Tapas Tour Barcelona\",\"description\":\"La meilleure tourn\u00e9e de tapas de toute la ville de Barcelone\",\"publisher\":{\"@id\":\"https:\\\/\\\/www.tapastour.barcelona\\\/fr\\\/#organization\"},\"potentialAction\":[{\"@type\":\"SearchAction\",\"target\":{\"@type\":\"EntryPoint\",\"urlTemplate\":\"https:\\\/\\\/www.tapastour.barcelona\\\/fr\\\/?s={search_term_string}\"},\"query-input\":{\"@type\":\"PropertyValueSpecification\",\"valueRequired\":true,\"valueName\":\"search_term_string\"}}],\"inLanguage\":\"fr-FR\"},{\"@type\":\"Organization\",\"@id\":\"https:\\\/\\\/www.tapastour.barcelona\\\/fr\\\/#organization\",\"name\":\"E-VOLVE\",\"url\":\"https:\\\/\\\/www.tapastour.barcelona\\\/fr\\\/\",\"logo\":{\"@type\":\"ImageObject\",\"inLanguage\":\"fr-FR\",\"@id\":\"https:\\\/\\\/www.tapastour.barcelona\\\/fr\\\/#\\\/schema\\\/logo\\\/image\\\/\",\"url\":\"https:\\\/\\\/www.tapastour.barcelona\\\/wp-content\\\/uploads\\\/2025\\\/06\\\/LOGO-TAPAS-TOUR-baRCELONA-by-e-volve.png\",\"contentUrl\":\"https:\\\/\\\/www.tapastour.barcelona\\\/wp-content\\\/uploads\\\/2025\\\/06\\\/LOGO-TAPAS-TOUR-baRCELONA-by-e-volve.png\",\"width\":438,\"height\":184,\"caption\":\"E-VOLVE\"},\"image\":{\"@id\":\"https:\\\/\\\/www.tapastour.barcelona\\\/fr\\\/#\\\/schema\\\/logo\\\/image\\\/\"},\"sameAs\":[\"https:\\\/\\\/g.co\\\/kgs\\\/5HVfcA6\",\"https:\\\/\\\/www.instagram.com\\\/tapastour.barcelona\"]}]}<\/script>\n<!-- \/ Yoast SEO Premium plugin. -->","yoast_head_json":{"title":"A propos de - Tourn\u00e9e de Tapas \u00e0 Barcelone","robots":{"index":"noindex","follow":"nofollow"},"og_locale":"fr_FR","og_type":"article","og_title":"A propos de","og_description":"Qui sommes-nous ? Notre mission Nous sommes r\u00e9put\u00e9s pour organiser les visites de tapas les plus d\u00e9licieuses et les plus authentiques dans le centre de Barcelone. Nous sommes sp\u00e9cialis\u00e9s dans l&rsquo;organisation d&rsquo;exp\u00e9riences gastronomiques uniques que vous pourrez savourer avec votre famille et vos amis. Des exp\u00e9riences extraordinaires pour vous Vous \u00eates comme un membre de [&hellip;]","og_url":"https:\/\/www.tapastour.barcelona\/fr\/a-propos-de\/","og_site_name":"Tourn\u00e9e de Tapas \u00e0 Barcelone","article_modified_time":"2025-07-29T14:41:56+00:00","og_image":[{"width":438,"height":184,"url":"https:\/\/www.tapastour.barcelona\/wp-content\/uploads\/2025\/06\/LOGO-TAPAS-TOUR-baRCELONA-by-e-volve.png","type":"image\/png"}],"twitter_card":"summary_large_image","twitter_misc":{"Dur\u00e9e de lecture estim\u00e9e":"1 minute"},"schema":{"@context":"https:\/\/schema.org","@graph":[{"@type":"WebPage","@id":"https:\/\/www.tapastour.barcelona\/fr\/a-propos-de\/","url":"https:\/\/www.tapastour.barcelona\/fr\/a-propos-de\/","name":"A propos de - Tourn\u00e9e de Tapas \u00e0 Barcelone","isPartOf":{"@id":"https:\/\/www.tapastour.barcelona\/fr\/#website"},"primaryImageOfPage":{"@id":"https:\/\/www.tapastour.barcelona\/fr\/a-propos-de\/#primaryimage"},"image":{"@id":"https:\/\/www.tapastour.barcelona\/fr\/a-propos-de\/#primaryimage"},"thumbnailUrl":"https:\/\/www.tapastour.barcelona\/wp-content\/uploads\/2025\/06\/LOGO-TAPAS-TOUR-baRCELONA-by-e-volve.png","datePublished":"2025-06-12T16:55:50+00:00","dateModified":"2025-07-29T14:41:56+00:00","breadcrumb":{"@id":"https:\/\/www.tapastour.barcelona\/fr\/a-propos-de\/#breadcrumb"},"inLanguage":"fr-FR","potentialAction":[{"@type":"ReadAction","target":["https:\/\/www.tapastour.barcelona\/fr\/a-propos-de\/"]}]},{"@type":"ImageObject","inLanguage":"fr-FR","@id":"https:\/\/www.tapastour.barcelona\/fr\/a-propos-de\/#primaryimage","url":"https:\/\/www.tapastour.barcelona\/wp-content\/uploads\/2025\/06\/LOGO-TAPAS-TOUR-baRCELONA-by-e-volve.png","contentUrl":"https:\/\/www.tapastour.barcelona\/wp-content\/uploads\/2025\/06\/LOGO-TAPAS-TOUR-baRCELONA-by-e-volve.png"},{"@type":"BreadcrumbList","@id":"https:\/\/www.tapastour.barcelona\/fr\/a-propos-de\/#breadcrumb","itemListElement":[{"@type":"ListItem","position":1,"name":"Home","item":"https:\/\/www.tapastour.barcelona\/fr\/tournee-de-tapas-a-barcelone\/"},{"@type":"ListItem","position":2,"name":"A propos de"}]},{"@type":"WebSite","@id":"https:\/\/www.tapastour.barcelona\/fr\/#website","url":"https:\/\/www.tapastour.barcelona\/fr\/","name":"Tapas Tour Barcelona","description":"La meilleure tourn\u00e9e de tapas de toute la ville de Barcelone","publisher":{"@id":"https:\/\/www.tapastour.barcelona\/fr\/#organization"},"potentialAction":[{"@type":"SearchAction","target":{"@type":"EntryPoint","urlTemplate":"https:\/\/www.tapastour.barcelona\/fr\/?s={search_term_string}"},"query-input":{"@type":"PropertyValueSpecification","valueRequired":true,"valueName":"search_term_string"}}],"inLanguage":"fr-FR"},{"@type":"Organization","@id":"https:\/\/www.tapastour.barcelona\/fr\/#organization","name":"E-VOLVE","url":"https:\/\/www.tapastour.barcelona\/fr\/","logo":{"@type":"ImageObject","inLanguage":"fr-FR","@id":"https:\/\/www.tapastour.barcelona\/fr\/#\/schema\/logo\/image\/","url":"https:\/\/www.tapastour.barcelona\/wp-content\/uploads\/2025\/06\/LOGO-TAPAS-TOUR-baRCELONA-by-e-volve.png","contentUrl":"https:\/\/www.tapastour.barcelona\/wp-content\/uploads\/2025\/06\/LOGO-TAPAS-TOUR-baRCELONA-by-e-volve.png","width":438,"height":184,"caption":"E-VOLVE"},"image":{"@id":"https:\/\/www.tapastour.barcelona\/fr\/#\/schema\/logo\/image\/"},"sameAs":["https:\/\/g.co\/kgs\/5HVfcA6","https:\/\/www.instagram.com\/tapastour.barcelona"]}]}},"_links":{"self":[{"href":"https:\/\/www.tapastour.barcelona\/fr\/wp-json\/wp\/v2\/pages\/2334","targetHints":{"allow":["GET"]}}],"collection":[{"href":"https:\/\/www.tapastour.barcelona\/fr\/wp-json\/wp\/v2\/pages"}],"about":[{"href":"https:\/\/www.tapastour.barcelona\/fr\/wp-json\/wp\/v2\/types\/page"}],"author":[{"embeddable":true,"href":"https:\/\/www.tapastour.barcelona\/fr\/wp-json\/wp\/v2\/users\/1"}],"replies":[{"embeddable":true,"href":"https:\/\/www.tapastour.barcelona\/fr\/wp-json\/wp\/v2\/comments?post=2334"}],"version-history":[{"count":3,"href":"https:\/\/www.tapastour.barcelona\/fr\/wp-json\/wp\/v2\/pages\/2334\/revisions"}],"predecessor-version":[{"id":2469,"href":"https:\/\/www.tapastour.barcelona\/fr\/wp-json\/wp\/v2\/pages\/2334\/revisions\/2469"}],"wp:attachment":[{"href":"https:\/\/www.tapastour.barcelona\/fr\/wp-json\/wp\/v2\/media?parent=2334"}],"curies":[{"name":"wp","href":"https:\/\/api.w.org\/{rel}","templated":true}]}}